{"id":3390,"date":"2021-06-10T17:47:59","date_gmt":"2021-06-10T15:47:59","guid":{"rendered":"https:\/\/www.ad-outillage.com\/produit\/kit-doutils-pneumatiques-5-pieces-soufflette-pistolet-aerographe-gonfleur-burette-tuyau\/"},"modified":"2022-02-24T23:09:12","modified_gmt":"2022-02-24T22:09:12","slug":"kit-doutils-pneumatiques-5-pieces-soufflette-pistolet-aerographe-gonfleur-burette-tuyau","status":"publish","type":"product","link":"https:\/\/www.ad-outillage.com\/de\/produit\/kit-doutils-pneumatiques-5-pieces-soufflette-pistolet-aerographe-gonfleur-burette-tuyau\/","title":{"rendered":"Kit d&#8217;outils pneumatiques 5 pi\u00e8ces, soufflette, pistolet a\u00e9rographe, gonfleur, burette, tuyau"},"content":{"rendered":"<p>Kit d\u2019outils\u00a0<strong>pneumatiques\u00a0<\/strong>comprenant 5<strong>\u00a0pi\u00e8ces<\/strong>.<\/p>\n<p><strong>Contenu du coffret:<\/strong><\/p>\n<ul>\n<li>1 x soufflette<\/li>\n<li>1 x pistolet a\u00e9rographe<\/li>\n<li>1 x gonfleur avec manom\u00e8tre<\/li>\n<li>1 x burette huile<\/li>\n<li>1 x tuyau extensible<\/li>\n<\/ul>\n<p>\u00a0<\/p>\n","protected":false},"excerpt":{"rendered":"<p>Kit d\u2019outils\u00a0pneumatiques\u00a0comprenant 5\u00a0pi\u00e8ces. Contenu du coffret: 1 x soufflette 1 x pistolet a\u00e9rographe 1 x gonfleur avec manom\u00e8tre 1 x burette huile 1 x tuyau extensible \u00a0<\/p>\n","protected":false},"featured_media":3366,"template":"","meta":[],"product_cat":[134],"product_tag":[],"class_list":{"0":"post-3390","1":"product","2":"type-product","3":"status-publish","4":"has-post-thumbnail","6":"product_cat-compresseur-accessoire","8":"first","9":"instock","10":"sale","11":"shipping-taxable","12":"purchasable","13":"product-type-simple"},"yoast_head":"<!-- This site is optimized with the Yoast SEO plugin v27.5 - https:\/\/yoast.com\/product\/yoast-seo-wordpress\/ -->\n<title>Kit d&#039;outils pneumatiques 5 pi\u00e8ces, soufflette, pistolet a\u00e9rographe, gonfleur, burette, tuyau - AD Outillage<\/title>\n<meta name=\"robots\" content=\"index, follow, max-snippet:-1, max-image-preview:large, max-video-preview:-1\" \/>\n<link rel=\"canonical\" href=\"https:\/\/www.ad-outillage.com\/de\/produit\/kit-doutils-pneumatiques-5-pieces-soufflette-pistolet-aerographe-gonfleur-burette-tuyau\/\" \/>\n<meta property=\"og:locale\" content=\"de_DE\" \/>\n<meta property=\"og:type\" content=\"article\" \/>\n<meta property=\"og:title\" content=\"Kit d&#039;outils pneumatiques 5 pi\u00e8ces, soufflette, pistolet a\u00e9rographe, gonfleur, burette, tuyau - AD Outillage\" \/>\n<meta property=\"og:description\" content=\"Kit d\u2019outils\u00a0pneumatiques\u00a0comprenant 5\u00a0pi\u00e8ces. Contenu du coffret: 1 x soufflette 1 x pistolet a\u00e9rographe 1 x gonfleur avec manom\u00e8tre 1 x burette huile 1 x tuyau extensible \u00a0\" \/>\n<meta property=\"og:url\" content=\"https:\/\/www.ad-outillage.com\/de\/produit\/kit-doutils-pneumatiques-5-pieces-soufflette-pistolet-aerographe-gonfleur-burette-tuyau\/\" \/>\n<meta property=\"og:site_name\" content=\"AD Outillage\" \/>\n<meta property=\"article:modified_time\" content=\"2022-02-24T22:09:12+00:00\" \/>\n<meta property=\"og:image\" content=\"https:\/\/www.ad-outillage.com\/wp-content\/uploads\/2021\/06\/C8F27EE1-17CE-4754-B4CA-594AA95DFEB1.jpeg\" \/>\n\t<meta property=\"og:image:width\" content=\"363\" \/>\n\t<meta property=\"og:image:height\" content=\"243\" \/>\n\t<meta property=\"og:image:type\" content=\"image\/jpeg\" \/>\n<meta name=\"twitter:card\" content=\"summary_large_image\" \/>\n<meta name=\"twitter:label1\" content=\"Gesch\u00e4tzte Lesezeit\" \/>\n\t<meta name=\"twitter:data1\" content=\"1\u00a0Minute\" \/>\n<script type=\"application\/ld+json\" class=\"yoast-schema-graph\">{\"@context\":\"https:\\\/\\\/schema.org\",\"@graph\":[{\"@type\":\"WebPage\",\"@id\":\"https:\\\/\\\/www.ad-outillage.com\\\/de\\\/produit\\\/kit-doutils-pneumatiques-5-pieces-soufflette-pistolet-aerographe-gonfleur-burette-tuyau\\\/\",\"url\":\"https:\\\/\\\/www.ad-outillage.com\\\/de\\\/produit\\\/kit-doutils-pneumatiques-5-pieces-soufflette-pistolet-aerographe-gonfleur-burette-tuyau\\\/\",\"name\":\"Kit d'outils pneumatiques 5 pi\u00e8ces, soufflette, pistolet a\u00e9rographe, gonfleur, burette, tuyau - AD Outillage\",\"isPartOf\":{\"@id\":\"https:\\\/\\\/www.ad-outillage.com\\\/#website\"},\"primaryImageOfPage\":{\"@id\":\"https:\\\/\\\/www.ad-outillage.com\\\/de\\\/produit\\\/kit-doutils-pneumatiques-5-pieces-soufflette-pistolet-aerographe-gonfleur-burette-tuyau\\\/#primaryimage\"},\"image\":{\"@id\":\"https:\\\/\\\/www.ad-outillage.com\\\/de\\\/produit\\\/kit-doutils-pneumatiques-5-pieces-soufflette-pistolet-aerographe-gonfleur-burette-tuyau\\\/#primaryimage\"},\"thumbnailUrl\":\"https:\\\/\\\/www.ad-outillage.com\\\/wp-content\\\/uploads\\\/2021\\\/06\\\/C8F27EE1-17CE-4754-B4CA-594AA95DFEB1.jpeg\",\"datePublished\":\"2021-06-10T15:47:59+00:00\",\"dateModified\":\"2022-02-24T22:09:12+00:00\",\"breadcrumb\":{\"@id\":\"https:\\\/\\\/www.ad-outillage.com\\\/de\\\/produit\\\/kit-doutils-pneumatiques-5-pieces-soufflette-pistolet-aerographe-gonfleur-burette-tuyau\\\/#breadcrumb\"},\"inLanguage\":\"de\",\"potentialAction\":[{\"@type\":\"ReadAction\",\"target\":[\"https:\\\/\\\/www.ad-outillage.com\\\/de\\\/produit\\\/kit-doutils-pneumatiques-5-pieces-soufflette-pistolet-aerographe-gonfleur-burette-tuyau\\\/\"]}]},{\"@type\":\"ImageObject\",\"inLanguage\":\"de\",\"@id\":\"https:\\\/\\\/www.ad-outillage.com\\\/de\\\/produit\\\/kit-doutils-pneumatiques-5-pieces-soufflette-pistolet-aerographe-gonfleur-burette-tuyau\\\/#primaryimage\",\"url\":\"https:\\\/\\\/www.ad-outillage.com\\\/wp-content\\\/uploads\\\/2021\\\/06\\\/C8F27EE1-17CE-4754-B4CA-594AA95DFEB1.jpeg\",\"contentUrl\":\"https:\\\/\\\/www.ad-outillage.com\\\/wp-content\\\/uploads\\\/2021\\\/06\\\/C8F27EE1-17CE-4754-B4CA-594AA95DFEB1.jpeg\",\"width\":363,\"height\":243},{\"@type\":\"BreadcrumbList\",\"@id\":\"https:\\\/\\\/www.ad-outillage.com\\\/de\\\/produit\\\/kit-doutils-pneumatiques-5-pieces-soufflette-pistolet-aerographe-gonfleur-burette-tuyau\\\/#breadcrumb\",\"itemListElement\":[{\"@type\":\"ListItem\",\"position\":1,\"name\":\"Accueil\",\"item\":\"https:\\\/\\\/www.ad-outillage.com\\\/de\\\/\"},{\"@type\":\"ListItem\",\"position\":2,\"name\":\"Shop\",\"item\":\"https:\\\/\\\/www.ad-outillage.com\\\/\"},{\"@type\":\"ListItem\",\"position\":3,\"name\":\"Kit d&rsquo;outils pneumatiques 5 pi\u00e8ces, soufflette, pistolet a\u00e9rographe, gonfleur, burette, tuyau\"}]},{\"@type\":\"WebSite\",\"@id\":\"https:\\\/\\\/www.ad-outillage.com\\\/#website\",\"url\":\"https:\\\/\\\/www.ad-outillage.com\\\/\",\"name\":\"AD Outillage\",\"description\":\"Vente d\u2019outillage (servante compl\u00e8te, cric, coffre \u00e0 outils, compresseur,...)\",\"potentialAction\":[{\"@type\":\"SearchAction\",\"target\":{\"@type\":\"EntryPoint\",\"urlTemplate\":\"https:\\\/\\\/www.ad-outillage.com\\\/?s={search_term_string}\"},\"query-input\":{\"@type\":\"PropertyValueSpecification\",\"valueRequired\":true,\"valueName\":\"search_term_string\"}}],\"inLanguage\":\"de\"}]}<\/script>\n<!-- \/ Yoast SEO plugin. -->","yoast_head_json":{"title":"Kit d'outils pneumatiques 5 pi\u00e8ces, soufflette, pistolet a\u00e9rographe, gonfleur, burette, tuyau - AD Outillage","robots":{"index":"index","follow":"follow","max-snippet":"max-snippet:-1","max-image-preview":"max-image-preview:large","max-video-preview":"max-video-preview:-1"},"canonical":"https:\/\/www.ad-outillage.com\/de\/produit\/kit-doutils-pneumatiques-5-pieces-soufflette-pistolet-aerographe-gonfleur-burette-tuyau\/","og_locale":"de_DE","og_type":"article","og_title":"Kit d'outils pneumatiques 5 pi\u00e8ces, soufflette, pistolet a\u00e9rographe, gonfleur, burette, tuyau - AD Outillage","og_description":"Kit d\u2019outils\u00a0pneumatiques\u00a0comprenant 5\u00a0pi\u00e8ces. Contenu du coffret: 1 x soufflette 1 x pistolet a\u00e9rographe 1 x gonfleur avec manom\u00e8tre 1 x burette huile 1 x tuyau extensible \u00a0","og_url":"https:\/\/www.ad-outillage.com\/de\/produit\/kit-doutils-pneumatiques-5-pieces-soufflette-pistolet-aerographe-gonfleur-burette-tuyau\/","og_site_name":"AD Outillage","article_modified_time":"2022-02-24T22:09:12+00:00","og_image":[{"width":363,"height":243,"url":"https:\/\/www.ad-outillage.com\/wp-content\/uploads\/2021\/06\/C8F27EE1-17CE-4754-B4CA-594AA95DFEB1.jpeg","type":"image\/jpeg"}],"twitter_card":"summary_large_image","twitter_misc":{"Gesch\u00e4tzte Lesezeit":"1\u00a0Minute"},"schema":{"@context":"https:\/\/schema.org","@graph":[{"@type":"WebPage","@id":"https:\/\/www.ad-outillage.com\/de\/produit\/kit-doutils-pneumatiques-5-pieces-soufflette-pistolet-aerographe-gonfleur-burette-tuyau\/","url":"https:\/\/www.ad-outillage.com\/de\/produit\/kit-doutils-pneumatiques-5-pieces-soufflette-pistolet-aerographe-gonfleur-burette-tuyau\/","name":"Kit d'outils pneumatiques 5 pi\u00e8ces, soufflette, pistolet a\u00e9rographe, gonfleur, burette, tuyau - AD Outillage","isPartOf":{"@id":"https:\/\/www.ad-outillage.com\/#website"},"primaryImageOfPage":{"@id":"https:\/\/www.ad-outillage.com\/de\/produit\/kit-doutils-pneumatiques-5-pieces-soufflette-pistolet-aerographe-gonfleur-burette-tuyau\/#primaryimage"},"image":{"@id":"https:\/\/www.ad-outillage.com\/de\/produit\/kit-doutils-pneumatiques-5-pieces-soufflette-pistolet-aerographe-gonfleur-burette-tuyau\/#primaryimage"},"thumbnailUrl":"https:\/\/www.ad-outillage.com\/wp-content\/uploads\/2021\/06\/C8F27EE1-17CE-4754-B4CA-594AA95DFEB1.jpeg","datePublished":"2021-06-10T15:47:59+00:00","dateModified":"2022-02-24T22:09:12+00:00","breadcrumb":{"@id":"https:\/\/www.ad-outillage.com\/de\/produit\/kit-doutils-pneumatiques-5-pieces-soufflette-pistolet-aerographe-gonfleur-burette-tuyau\/#breadcrumb"},"inLanguage":"de","potentialAction":[{"@type":"ReadAction","target":["https:\/\/www.ad-outillage.com\/de\/produit\/kit-doutils-pneumatiques-5-pieces-soufflette-pistolet-aerographe-gonfleur-burette-tuyau\/"]}]},{"@type":"ImageObject","inLanguage":"de","@id":"https:\/\/www.ad-outillage.com\/de\/produit\/kit-doutils-pneumatiques-5-pieces-soufflette-pistolet-aerographe-gonfleur-burette-tuyau\/#primaryimage","url":"https:\/\/www.ad-outillage.com\/wp-content\/uploads\/2021\/06\/C8F27EE1-17CE-4754-B4CA-594AA95DFEB1.jpeg","contentUrl":"https:\/\/www.ad-outillage.com\/wp-content\/uploads\/2021\/06\/C8F27EE1-17CE-4754-B4CA-594AA95DFEB1.jpeg","width":363,"height":243},{"@type":"BreadcrumbList","@id":"https:\/\/www.ad-outillage.com\/de\/produit\/kit-doutils-pneumatiques-5-pieces-soufflette-pistolet-aerographe-gonfleur-burette-tuyau\/#breadcrumb","itemListElement":[{"@type":"ListItem","position":1,"name":"Accueil","item":"https:\/\/www.ad-outillage.com\/de\/"},{"@type":"ListItem","position":2,"name":"Shop","item":"https:\/\/www.ad-outillage.com\/"},{"@type":"ListItem","position":3,"name":"Kit d&rsquo;outils pneumatiques 5 pi\u00e8ces, soufflette, pistolet a\u00e9rographe, gonfleur, burette, tuyau"}]},{"@type":"WebSite","@id":"https:\/\/www.ad-outillage.com\/#website","url":"https:\/\/www.ad-outillage.com\/","name":"AD Outillage","description":"Vente d\u2019outillage (servante compl\u00e8te, cric, coffre \u00e0 outils, compresseur,...)","potentialAction":[{"@type":"SearchAction","target":{"@type":"EntryPoint","urlTemplate":"https:\/\/www.ad-outillage.com\/?s={search_term_string}"},"query-input":{"@type":"PropertyValueSpecification","valueRequired":true,"valueName":"search_term_string"}}],"inLanguage":"de"}]}},"_links":{"self":[{"href":"https:\/\/www.ad-outillage.com\/de\/wp-json\/wp\/v2\/product\/3390","targetHints":{"allow":["GET"]}}],"collection":[{"href":"https:\/\/www.ad-outillage.com\/de\/wp-json\/wp\/v2\/product"}],"about":[{"href":"https:\/\/www.ad-outillage.com\/de\/wp-json\/wp\/v2\/types\/product"}],"wp:featuredmedia":[{"embeddable":true,"href":"https:\/\/www.ad-outillage.com\/de\/wp-json\/wp\/v2\/media\/3366"}],"wp:attachment":[{"href":"https:\/\/www.ad-outillage.com\/de\/wp-json\/wp\/v2\/media?parent=3390"}],"wp:term":[{"taxonomy":"product_cat","embeddable":true,"href":"https:\/\/www.ad-outillage.com\/de\/wp-json\/wp\/v2\/product_cat?post=3390"},{"taxonomy":"product_tag","embeddable":true,"href":"https:\/\/www.ad-outillage.com\/de\/wp-json\/wp\/v2\/product_tag?post=3390"}],"curies":[{"name":"wp","href":"https:\/\/api.w.org\/{rel}","templated":true}]}}