{"id":3372,"date":"2021-01-25T14:14:50","date_gmt":"2021-01-25T13:14:50","guid":{"rendered":"https:\/\/www.ad-outillage.com\/politique-de-confidentialite\/"},"modified":"2021-01-25T14:14:50","modified_gmt":"2021-01-25T13:14:50","slug":"politique-de-confidentialite","status":"publish","type":"page","link":"https:\/\/www.ad-outillage.com\/de\/politique-de-confidentialite\/","title":{"rendered":"Politique de confidentialit\u00e9"},"content":{"rendered":"\n<h2 class=\"wp-block-heading\">1. Introduction<\/h2>\n\n\n\n<p>Le pr\u00e9sent site est \u00e9dit\u00e9 et exploit\u00e9 par et pour le compte de la SRL A.D Vente et Location (ci-apr\u00e8s \u00ab&nbsp;le Vendeur&nbsp;\u00bb), BCE 0761.439.310, dont le si\u00e8ge social est sis \u00e0 4960 Malmedy, avenue des Alli\u00e9s 74.<\/p>\n\n\n\n<p>Vous pouvez nous joindre par courrier, par t\u00e9l\u00e9phone (0032(0)487736390) ou par email (<a href=\"mailto:ad-outillage@hotmail.com\">ad-outillage@hotmail.com<\/a>).<\/p>\n\n\n\n<h2 class=\"wp-block-heading\">2. Vies priv\u00e9es &amp; RGPD<\/h2>\n\n\n\n<p>Quelles sont les donn\u00e9es collect\u00e9es que nous collectons&nbsp;?<\/p>\n\n\n\n<p>Sauf mention contraire, nous collectons uniquement des informations \u00e0 caract\u00e8re personnel sur nos utilisateurs et clients via leur inscription sur le site, via le formulaire de contact \u00e9ventuellement disponible sur le site ainsi qu\u2019\u00e0 l\u2019occasion de contacts personnalis\u00e9s par courrier, email ou t\u00e9l\u00e9phone. Dans ces cas, nous recueillons des informations telles que votre titre, votre nom, pr\u00e9nom, adresse, num\u00e9ro de t\u00e9l\u00e9phone, email, fonction, qualifications et exp\u00e9rience, donn\u00e9es bancaires etc.<\/p>\n\n\n\n<p>A.D Vente et Location est le responsable du traitement de vos donn\u00e9es \u00e0 caract\u00e8re personnel. Cela signifie A.D Vente et Location d\u00e9termine \u00e0 quelles finalit\u00e9s et par quels moyens vos donn\u00e9es \u00e0 caract\u00e8re personnel seront trait\u00e9es.<\/p>\n\n\n\n<p>A quels fins ces donn\u00e9es sont-elles collect\u00e9es&nbsp;?<\/p>\n\n\n\n<p>Ces informations sont collect\u00e9es afin de&nbsp;:<\/p>\n\n\n\n<ul class=\"wp-block-list\"><li>pr\u00e9parer et \u00e9laborer les devis et offres sollicit\u00e9s&nbsp;et assurer le suivi des conventions conclues avec nos clients&nbsp;;<\/li><li>vous contacter dans le futur \u00e0 des fins commerciales et vous transmette des informations sur nos produits et nos services&nbsp;;<\/li><li>r\u00e9aliser des \u00e9tudes de march\u00e9&nbsp;;<\/li><li>assurer la gestion technique et fonctionnelle de notre site internet.<\/li><\/ul>\n\n\n\n<p>Selon le cas, le traitement de vos donn\u00e9es \u00e0 caract\u00e8re personnel est bas\u00e9 sur :<\/p>\n\n\n\n<ul class=\"wp-block-list\"><li>votre consentement, par exemple en remplissant un formulaire de contact. Dans ce cas, vous avez le droit de retirer votre consentement \u00e0 tout moment.<\/li><li>la mise en \u0153uvre du contrat ou une obligation l\u00e9gale qui incombent \u00e0 A.D Vente et Location.<\/li><li>les int\u00e9r\u00eats l\u00e9gitimes A.D Vente et Location, y compris la gestion de notre site internet ou \u00e0 la poursuite d\u2019objectifs commerciaux.<\/li><\/ul>\n\n\n\n<p>Nos agents et nous-m\u00eames ne conserveront vos donn\u00e9es \u00e0 caract\u00e8re personnel que le temps n\u00e9cessaire pour accomplir les finalit\u00e9s pr\u00e9cit\u00e9es ou aussi longtemps que la loi le requiert. Nous prenons les mesures de s\u00e9curit\u00e9 raisonnablement n\u00e9cessaires pour assurer la protection de vos donn\u00e9es \u00e0 caract\u00e8re personnel. Nous veillons \u00e0 ce que vos donn\u00e9es \u00e0 caract\u00e8re personnel soient prot\u00e9g\u00e9es par des mesures administratives, techniques et organisationnelles appropri\u00e9es.<\/p>\n\n\n\n<p>Quels sont vos droits en mati\u00e8re de protection des donn\u00e9es&nbsp;?<\/p>\n\n\n\n<p>Si vous ne souhaitez plus recevoir de communications de notre part, ou si vous avez la moindre question, il vous suffit de nous le faire savoir via l\u2019adresse email suivante&nbsp;: <a href=\"mailto:ad-outillage@hotmail.com\">ad-outillage@hotmail.com<\/a>.<\/p>\n\n\n\n<p>A.D Vente et Location est s\u00e9lective vis-\u00e0-vis des parties auxquelles elle communique vos donn\u00e9es \u00e0 caract\u00e8re personnel et les choisit avec soin. Dans tous les cas, nous veillerons \u00e0 ce que des garanties suffisantes pour la protection et la confidentialit\u00e9 de vos donn\u00e9es soient convenues.<\/p>\n\n\n\n<p>En tant qu\u2019utilisateur, vous avez le droit de demander des informations sur les donn\u00e9es que nous conservons vous concernant ainsi que sur le but du stockage. De plus, vous avez le droit d\u2019exiger que les donn\u00e9es incorrectes soient corrig\u00e9es et que les donn\u00e9es inappropri\u00e9es ou devenues inutiles soient supprim\u00e9es. Vous avez \u00e9galement le droit de nous demander de restreindre le traitement de vos donn\u00e9es ainsi que le droit \u00e0 la portabilit\u00e9 des donn\u00e9es. Si des donn\u00e9es personnelles sont collect\u00e9es, conform\u00e9ment \u00e0 l\u2019article 6 (1) (f) R\u00e8glement UE 2016\/679 (\u00ab le RGDP&nbsp;\u00bb), vous avez le droit \u00e0 tout moment de vous opposer, sur base de motifs li\u00e9s \u00e0 votre situation particuli\u00e8re, au traitement des donn\u00e9es personnelles. Nous ne traiterons plus les donn\u00e9es personnelles \u00e0 moins que nous d\u00e9montrions des int\u00e9r\u00eats l\u00e9gitimes contraignants justifiant le traitement qui outrepasse vos int\u00e9r\u00eats, droits et libert\u00e9s ou pour l&#8217;\u00e9tablissement, l&#8217;exercice ou la d\u00e9fense de r\u00e9clamations l\u00e9gales.<\/p>\n\n\n\n<p>Si nous traitons vos donn\u00e9es personnelles \u00e0 des finalit\u00e9s de marketing direct, vous pouvez toujours nous demander d\u2019y mettre fin sans avoir \u00e0 donner de raison particuli\u00e8re.<\/p>\n\n\n\n<p>Pour toute information, demande ou suggestion relative \u00e0 la protection des donn\u00e9es, n\u2019h\u00e9sitez pas \u00e0 nous contacter.<\/p>\n\n\n\n<p>Conform\u00e9ment \u00e0 l\u2019article 77 du RGPD, vous avez le droit de d\u00e9poser une r\u00e9clamation aupr\u00e8s de l\u2019autorit\u00e9 de contr\u00f4le de votre lieu de r\u00e9sidence habituelle, de votre lieu de travail ou du lieu o\u00f9 la violation pr\u00e9sum\u00e9e aurait \u00e9t\u00e9 commise. En Belgique, l\u2019autorit\u00e9 de contr\u00f4le est l\u2019Autorit\u00e9 de protection des donn\u00e9es. Vous pouvez contacter celle-ci \u00e0 l\u2019adresse <a href=\"mailto:contact@apd-gba.be\">contact@apd-gba.be<\/a>.<\/p>\n\n\n\n<h2 class=\"wp-block-heading\">3. Google Analytics<\/h2>\n\n\n\n<p>Notre site utilise Google Analytics, un service d&#8217;analyse de site internet fourni par Google Inc. (\u00ab Google \u00bb). Google Analytics utilise des cookies (voy. ci-dessous \u00e0 cet \u00e9gard). Les donn\u00e9es g\u00e9n\u00e9r\u00e9es par les cookies concernant votre utilisation du site (y compris votre adresse IP) seront transmises et stock\u00e9es par Google sur des serveurs situ\u00e9s aux Etats-Unis. Google utilisera cette information dans le but d&#8217;\u00e9valuer votre utilisation du site, de compiler des rapports sur l&#8217;activit\u00e9 du site \u00e0 destination de son \u00e9diteur et de fournir d&#8217;autres services relatifs \u00e0 l&#8217;activit\u00e9 du site et \u00e0 l&#8217;utilisation d&#8217;Internet. Google est susceptible de communiquer ces donn\u00e9es \u00e0 des tiers en cas d&#8217;obligation l\u00e9gale ou lorsque ces tiers traitent ces donn\u00e9es pour le compte de Google, y compris notamment l&#8217;\u00e9diteur de ce site. Google ne recoupera pas votre adresse IP avec toute autre donn\u00e9e d\u00e9tenue par Google. Vous pouvez d\u00e9sactiver l&#8217;utilisation de cookies en s\u00e9lectionnant les param\u00e8tres appropri\u00e9s de votre navigateur. Cependant, une telle d\u00e9sactivation pourrait emp\u00eacher l&#8217;utilisation de certaines fonctionnalit\u00e9s de ce site. En utilisant ce site internet, vous consentez express\u00e9ment au traitement de vos donn\u00e9es nominatives par Google dans les conditions et pour les finalit\u00e9s d\u00e9crites ci-dessus.<\/p>\n\n\n\n<p>Pour d\u2019avance d\u2019informations\u00a0: <a href=\"https:\/\/policies.google.com\/technologies\/partner-sites?hl=fr\">https:\/\/policies.google.com\/technologies\/partner-sites?hl=fr<\/a> <\/p>\n\n\n\n<h2 class=\"wp-block-heading\">4. Cookies<\/h2>\n\n\n\n<p>De quoi s\u2019agit-il&nbsp;?<\/p>\n\n\n\n<p>Notre site utilise des cookies. Il s\u2019agit de petits \u00e9l\u00e9ments d\u2019information plac\u00e9s sur le disque dur de l\u2019appareil du visiteur. Ils permettent de stocker des informations pour une certaine dur\u00e9e et identifient l\u2019appareil de l\u2019utilisateur. Pour une meilleure orientation de l\u2019utilisateur et une repr\u00e9sentation individuelle des r\u00e9sultats, nous utilisons des cookies permanents. Nous avons \u00e9galement recours \u00e0 ce que l\u2019on appelle des cookies de session, qui sont supprim\u00e9s automatiquement d\u00e8s la fermeture du navigateur. Vous pouvez configurer votre navigateur de mani\u00e8re \u00e0 ce qu&#8217;il vous informe du t\u00e9l\u00e9chargement possible de cookies, garantissant ainsi la transparence sur l\u2019usage de cookies.<\/p>\n\n\n\n<p>Utilit\u00e9 des Cookies<\/p>\n\n\n\n<p>Ces cookies sont indispensables au bon fonctionnement du site web et ne peuvent pas \u00eatre d\u00e9sactiv\u00e9s de nos syst\u00e8mes. Ils ne sont g\u00e9n\u00e9ralement activ\u00e9s qu\u2019en r\u00e9ponse \u00e0 des actions que vous effectuez et qui correspondent \u00e0 une demande de services, comme la configuration de vos pr\u00e9f\u00e9rences de confidentialit\u00e9, la connexion ou le remplissage de formulaires. Vous pouvez configurer votre navigateur pour bloquer ou \u00eatre alert\u00e9 de l&#8217;utilisation de ces cookies. Cependant, si cette cat\u00e9gorie de cookies est bloqu\u00e9e, certaines parties du site ne pourront pas fonctionner.<\/p>\n\n\n\n<p>Nous utilisons sur ce site les Cookies suivants\u00a0:<\/p>\n\n\n\n<p>Acceptation des cookies&nbsp;:<\/p>\n\n\n\n<p>A moins que vous n\u2019ayez configur\u00e9 vos donn\u00e9es de navigation afin de refuser les cookies, notre site web fera automatiquement usage de ces cookies.<\/p>\n\n\n\n<p>Vous pouvez modifier \u00e0 tout moment vos param\u00e8tres d\u2019utilisation de cookies en utilisant le menu de votre navigateur, notamment :<\/p>\n\n\n\n<p>Cookie preferences &#8211; Internet Explorer : <a href=\"https:\/\/support.microsoft.com\/nl-be\/help\/196955\">https:\/\/support.microsoft.com\/nl-be\/help\/196955<\/a><\/p>\n\n\n\n<p>Cookie preferences \u2013 Chrome : <a href=\"https:\/\/support.google.com\/chrome\/answer\/95647?hl=en\">https:\/\/support.google.com\/chrome\/answer\/95647?hl=en<\/a><\/p>\n\n\n\n<p>Pour d\u2019avantage d\u2019informations sur le retrait et le blocage des cookies, voyez&nbsp;: <a href=\"http:\/\/www.allaboutcookies.org\/\">http:\/\/www.allaboutcookies.org\/<\/a><\/p>\n","protected":false},"excerpt":{"rendered":"<p>1. Introduction Le pr\u00e9sent site est \u00e9dit\u00e9 et exploit\u00e9 par et pour le compte de la SRL A.D Vente et Location (ci-apr\u00e8s \u00ab&nbsp;le Vendeur&nbsp;\u00bb), BCE 0761.439.310, dont le si\u00e8ge social est sis \u00e0 4960 Malmedy, avenue des Alli\u00e9s 74. Vous pouvez nous joindre par courrier, par t\u00e9l\u00e9phone (0032(0)487736390) ou par&hellip;<\/p>\n","protected":false},"author":1,"featured_media":0,"parent":0,"menu_order":0,"comment_status":"closed","ping_status":"closed","template":"","meta":{"footnotes":""},"class_list":["post-3372","page","type-page","status-publish","hentry"],"yoast_head":"<!-- This site is optimized with the Yoast SEO plugin v27.3 - https:\/\/yoast.com\/product\/yoast-seo-wordpress\/ -->\n<title>Politique de confidentialit\u00e9 - AD Outillage<\/title>\n<meta name=\"robots\" content=\"index, follow, max-snippet:-1, max-image-preview:large, max-video-preview:-1\" \/>\n<link rel=\"canonical\" href=\"https:\/\/www.ad-outillage.com\/de\/politique-de-confidentialite\/\" \/>\n<meta property=\"og:locale\" content=\"de_DE\" \/>\n<meta property=\"og:type\" content=\"article\" \/>\n<meta property=\"og:title\" content=\"Politique de confidentialit\u00e9 - AD Outillage\" \/>\n<meta property=\"og:description\" content=\"1. Introduction Le pr\u00e9sent site est \u00e9dit\u00e9 et exploit\u00e9 par et pour le compte de la SRL A.D Vente et Location (ci-apr\u00e8s \u00ab&nbsp;le Vendeur&nbsp;\u00bb), BCE 0761.439.310, dont le si\u00e8ge social est sis \u00e0 4960 Malmedy, avenue des Alli\u00e9s 74. Vous pouvez nous joindre par courrier, par t\u00e9l\u00e9phone (0032(0)487736390) ou par&hellip;\" \/>\n<meta property=\"og:url\" content=\"https:\/\/www.ad-outillage.com\/de\/politique-de-confidentialite\/\" \/>\n<meta property=\"og:site_name\" content=\"AD Outillage\" \/>\n<meta property=\"og:image\" content=\"https:\/\/www.ad-outillage.com\/wp-content\/uploads\/2021\/06\/131150916_233090958241329_9158481011371372290_n.jpg\" \/>\n\t<meta property=\"og:image:width\" content=\"958\" \/>\n\t<meta property=\"og:image:height\" content=\"960\" \/>\n\t<meta property=\"og:image:type\" content=\"image\/jpeg\" \/>\n<meta name=\"twitter:card\" content=\"summary_large_image\" \/>\n<meta name=\"twitter:label1\" content=\"Gesch\u00e4tzte Lesezeit\" \/>\n\t<meta name=\"twitter:data1\" content=\"7\u00a0Minuten\" \/>\n<script type=\"application\/ld+json\" class=\"yoast-schema-graph\">{\"@context\":\"https:\\\/\\\/schema.org\",\"@graph\":[{\"@type\":\"WebPage\",\"@id\":\"https:\\\/\\\/www.ad-outillage.com\\\/de\\\/politique-de-confidentialite\\\/\",\"url\":\"https:\\\/\\\/www.ad-outillage.com\\\/de\\\/politique-de-confidentialite\\\/\",\"name\":\"Politique de confidentialit\u00e9 - AD Outillage\",\"isPartOf\":{\"@id\":\"https:\\\/\\\/www.ad-outillage.com\\\/#website\"},\"datePublished\":\"2021-01-25T13:14:50+00:00\",\"breadcrumb\":{\"@id\":\"https:\\\/\\\/www.ad-outillage.com\\\/de\\\/politique-de-confidentialite\\\/#breadcrumb\"},\"inLanguage\":\"de\",\"potentialAction\":[{\"@type\":\"ReadAction\",\"target\":[\"https:\\\/\\\/www.ad-outillage.com\\\/de\\\/politique-de-confidentialite\\\/\"]}]},{\"@type\":\"BreadcrumbList\",\"@id\":\"https:\\\/\\\/www.ad-outillage.com\\\/de\\\/politique-de-confidentialite\\\/#breadcrumb\",\"itemListElement\":[{\"@type\":\"ListItem\",\"position\":1,\"name\":\"Accueil\",\"item\":\"https:\\\/\\\/www.ad-outillage.com\\\/de\\\/\"},{\"@type\":\"ListItem\",\"position\":2,\"name\":\"Politique de confidentialit\u00e9\"}]},{\"@type\":\"WebSite\",\"@id\":\"https:\\\/\\\/www.ad-outillage.com\\\/#website\",\"url\":\"https:\\\/\\\/www.ad-outillage.com\\\/\",\"name\":\"AD Outillage\",\"description\":\"Vente d\u2019outillage (servante compl\u00e8te, cric, coffre \u00e0 outils, compresseur,...)\",\"potentialAction\":[{\"@type\":\"SearchAction\",\"target\":{\"@type\":\"EntryPoint\",\"urlTemplate\":\"https:\\\/\\\/www.ad-outillage.com\\\/?s={search_term_string}\"},\"query-input\":{\"@type\":\"PropertyValueSpecification\",\"valueRequired\":true,\"valueName\":\"search_term_string\"}}],\"inLanguage\":\"de\"}]}<\/script>\n<!-- \/ Yoast SEO plugin. -->","yoast_head_json":{"title":"Politique de confidentialit\u00e9 - AD Outillage","robots":{"index":"index","follow":"follow","max-snippet":"max-snippet:-1","max-image-preview":"max-image-preview:large","max-video-preview":"max-video-preview:-1"},"canonical":"https:\/\/www.ad-outillage.com\/de\/politique-de-confidentialite\/","og_locale":"de_DE","og_type":"article","og_title":"Politique de confidentialit\u00e9 - AD Outillage","og_description":"1. Introduction Le pr\u00e9sent site est \u00e9dit\u00e9 et exploit\u00e9 par et pour le compte de la SRL A.D Vente et Location (ci-apr\u00e8s \u00ab&nbsp;le Vendeur&nbsp;\u00bb), BCE 0761.439.310, dont le si\u00e8ge social est sis \u00e0 4960 Malmedy, avenue des Alli\u00e9s 74. Vous pouvez nous joindre par courrier, par t\u00e9l\u00e9phone (0032(0)487736390) ou par&hellip;","og_url":"https:\/\/www.ad-outillage.com\/de\/politique-de-confidentialite\/","og_site_name":"AD Outillage","og_image":[{"width":958,"height":960,"url":"https:\/\/www.ad-outillage.com\/wp-content\/uploads\/2021\/06\/131150916_233090958241329_9158481011371372290_n.jpg","type":"image\/jpeg"}],"twitter_card":"summary_large_image","twitter_misc":{"Gesch\u00e4tzte Lesezeit":"7\u00a0Minuten"},"schema":{"@context":"https:\/\/schema.org","@graph":[{"@type":"WebPage","@id":"https:\/\/www.ad-outillage.com\/de\/politique-de-confidentialite\/","url":"https:\/\/www.ad-outillage.com\/de\/politique-de-confidentialite\/","name":"Politique de confidentialit\u00e9 - AD Outillage","isPartOf":{"@id":"https:\/\/www.ad-outillage.com\/#website"},"datePublished":"2021-01-25T13:14:50+00:00","breadcrumb":{"@id":"https:\/\/www.ad-outillage.com\/de\/politique-de-confidentialite\/#breadcrumb"},"inLanguage":"de","potentialAction":[{"@type":"ReadAction","target":["https:\/\/www.ad-outillage.com\/de\/politique-de-confidentialite\/"]}]},{"@type":"BreadcrumbList","@id":"https:\/\/www.ad-outillage.com\/de\/politique-de-confidentialite\/#breadcrumb","itemListElement":[{"@type":"ListItem","position":1,"name":"Accueil","item":"https:\/\/www.ad-outillage.com\/de\/"},{"@type":"ListItem","position":2,"name":"Politique de confidentialit\u00e9"}]},{"@type":"WebSite","@id":"https:\/\/www.ad-outillage.com\/#website","url":"https:\/\/www.ad-outillage.com\/","name":"AD Outillage","description":"Vente d\u2019outillage (servante compl\u00e8te, cric, coffre \u00e0 outils, compresseur,...)","potentialAction":[{"@type":"SearchAction","target":{"@type":"EntryPoint","urlTemplate":"https:\/\/www.ad-outillage.com\/?s={search_term_string}"},"query-input":{"@type":"PropertyValueSpecification","valueRequired":true,"valueName":"search_term_string"}}],"inLanguage":"de"}]}},"_links":{"self":[{"href":"https:\/\/www.ad-outillage.com\/de\/wp-json\/wp\/v2\/pages\/3372","targetHints":{"allow":["GET"]}}],"collection":[{"href":"https:\/\/www.ad-outillage.com\/de\/wp-json\/wp\/v2\/pages"}],"about":[{"href":"https:\/\/www.ad-outillage.com\/de\/wp-json\/wp\/v2\/types\/page"}],"author":[{"embeddable":true,"href":"https:\/\/www.ad-outillage.com\/de\/wp-json\/wp\/v2\/users\/1"}],"replies":[{"embeddable":true,"href":"https:\/\/www.ad-outillage.com\/de\/wp-json\/wp\/v2\/comments?post=3372"}],"version-history":[{"count":0,"href":"https:\/\/www.ad-outillage.com\/de\/wp-json\/wp\/v2\/pages\/3372\/revisions"}],"wp:attachment":[{"href":"https:\/\/www.ad-outillage.com\/de\/wp-json\/wp\/v2\/media?parent=3372"}],"curies":[{"name":"wp","href":"https:\/\/api.w.org\/{rel}","templated":true}]}}